{"id":85,"date":"2023-08-27T12:01:57","date_gmt":"2023-08-27T12:01:57","guid":{"rendered":"https:\/\/alternativnolijecenje.com\/?page_id=85"},"modified":"2026-04-22T20:04:52","modified_gmt":"2026-04-22T20:04:52","slug":"nasa-ponuda","status":"publish","type":"page","link":"https:\/\/alternativnolijecenje.com\/index.php\/nasa-ponuda\/","title":{"rendered":"NA\u0160A PONUDA"},"content":{"rendered":"\t\t<div data-elementor-type=\"wp-page\" data-elementor-id=\"85\" class=\"elementor elementor-85\">\n\t\t\t\t<div class=\"elementor-element elementor-element-604647b6 e-flex e-con-boxed e-con e-parent\" data-id=\"604647b6\" data-element_type=\"container\" data-e-type=\"container\">\n\t\t\t\t\t<div class=\"e-con-inner\">\n\t\t\t\t<div class=\"elementor-element elementor-element-6c89c91 elementor-widget elementor-widget-heading\" data-id=\"6c89c91\" data-element_type=\"widget\" data-e-type=\"widget\" data-widget_type=\"heading.default\">\n\t\t\t\t\t<h1 class=\"elementor-heading-title elementor-size-default\">NA\u0160A PONUDA<\/h1>\t\t\t\t<\/div>\n\t\t\t\t<div class=\"elementor-element elementor-element-59b002d elementor-widget elementor-widget-text-editor\" data-id=\"59b002d\" data-element_type=\"widget\" data-e-type=\"widget\" data-widget_type=\"text-editor.default\">\n\t\t\t\t\t\t\t\t\t<p>Lorem ipsum dolor sit amet, consectetur adipiscing elit. Ut elit tellus, luctus nec ullamcorper mattis, pulvinar dapibus leo.<\/p>\t\t\t\t\t\t\t\t<\/div>\n\t\t\t\t<div class=\"elementor-element elementor-element-9db7afb elementor-widget elementor-widget-image\" data-id=\"9db7afb\" data-element_type=\"widget\" data-e-type=\"widget\" data-widget_type=\"image.default\">\n\t\t\t\t\t\t\t\t\t\t\t\t\t\t\t<img fetchpriority=\"high\" decoding=\"async\" width=\"377\" height=\"533\" src=\"https:\/\/alternativnolijecenje.com\/wp-content\/uploads\/2026\/04\/yoga-img2.png\" class=\"attachment-large size-large wp-image-284\" alt=\"\" srcset=\"https:\/\/alternativnolijecenje.com\/wp-content\/uploads\/2026\/04\/yoga-img2.png 377w, https:\/\/alternativnolijecenje.com\/wp-content\/uploads\/2026\/04\/yoga-img2-212x300.png 212w\" sizes=\"(max-width: 377px) 100vw, 377px\" \/>\t\t\t\t\t\t\t\t\t\t\t\t\t\t\t<\/div>\n\t\t\t\t\t<\/div>\n\t\t\t\t<\/div>\n\t\t\t\t<\/div>\n\t\t","protected":false},"excerpt":{"rendered":"<p>NA\u0160A PONUDA Nudimo vam \u0161irok spektar usluga alternativnog lije\u010denja, uklju\u010duju\u0107i Reiki tretmane, energetske masa\u017ee i savjetovanje o prirodnom zdravlju. Na\u0161 cilj je pomo\u0107i vam da postignete unutra\u0161nji mir i fizi\u010dko blagostanje.<\/p>\n","protected":false},"author":1,"featured_media":0,"parent":0,"menu_order":0,"comment_status":"closed","ping_status":"closed","template":"","meta":{"_angie_page":false,"om_disable_all_campaigns":false,"_monsterinsights_skip_tracking":false,"_monsterinsights_sitenote_active":false,"_monsterinsights_sitenote_note":"","_monsterinsights_sitenote_category":0,"footnotes":""},"class_list":["post-85","page","type-page","status-publish","hentry"],"yoast_head":"<!-- This site is optimized with the Yoast SEO plugin v27.4 - https:\/\/yoast.com\/product\/yoast-seo-wordpress\/ -->\n<title>NA\u0160A PONUDA -<\/title>\n<meta name=\"robots\" content=\"index, follow, max-snippet:-1, max-image-preview:large, max-video-preview:-1\" \/>\n<link rel=\"canonical\" href=\"https:\/\/alternativnolijecenje.com\/index.php\/nasa-ponuda\/\" \/>\n<meta property=\"og:locale\" content=\"bs_BA\" \/>\n<meta property=\"og:type\" content=\"article\" \/>\n<meta property=\"og:title\" content=\"NA\u0160A PONUDA -\" \/>\n<meta property=\"og:description\" content=\"NA\u0160A PONUDA Nudimo vam \u0161irok spektar usluga alternativnog lije\u010denja, uklju\u010duju\u0107i Reiki tretmane, energetske masa\u017ee i savjetovanje o prirodnom zdravlju. Na\u0161 cilj je pomo\u0107i vam da postignete unutra\u0161nji mir i fizi\u010dko blagostanje.\" \/>\n<meta property=\"og:url\" content=\"https:\/\/alternativnolijecenje.com\/index.php\/nasa-ponuda\/\" \/>\n<meta property=\"article:modified_time\" content=\"2026-04-22T20:04:52+00:00\" \/>\n<meta property=\"og:image\" content=\"https:\/\/alternativnolijecenje.com\/wp-content\/uploads\/2026\/04\/yoga-img2.png\" \/>\n\t<meta property=\"og:image:width\" content=\"377\" \/>\n\t<meta property=\"og:image:height\" content=\"533\" \/>\n\t<meta property=\"og:image:type\" content=\"image\/png\" \/>\n<meta name=\"twitter:card\" content=\"summary_large_image\" \/>\n<script type=\"application\/ld+json\" class=\"yoast-schema-graph\">{\"@context\":\"https:\\\/\\\/schema.org\",\"@graph\":[{\"@type\":\"WebPage\",\"@id\":\"https:\\\/\\\/alternativnolijecenje.com\\\/index.php\\\/nasa-ponuda\\\/\",\"url\":\"https:\\\/\\\/alternativnolijecenje.com\\\/index.php\\\/nasa-ponuda\\\/\",\"name\":\"NA\u0160A PONUDA -\",\"isPartOf\":{\"@id\":\"https:\\\/\\\/alternativnolijecenje.com\\\/#website\"},\"primaryImageOfPage\":{\"@id\":\"https:\\\/\\\/alternativnolijecenje.com\\\/index.php\\\/nasa-ponuda\\\/#primaryimage\"},\"image\":{\"@id\":\"https:\\\/\\\/alternativnolijecenje.com\\\/index.php\\\/nasa-ponuda\\\/#primaryimage\"},\"thumbnailUrl\":\"https:\\\/\\\/alternativnolijecenje.com\\\/wp-content\\\/uploads\\\/2026\\\/04\\\/yoga-img2.png\",\"datePublished\":\"2023-08-27T12:01:57+00:00\",\"dateModified\":\"2026-04-22T20:04:52+00:00\",\"breadcrumb\":{\"@id\":\"https:\\\/\\\/alternativnolijecenje.com\\\/index.php\\\/nasa-ponuda\\\/#breadcrumb\"},\"inLanguage\":\"bs-BA\",\"potentialAction\":[{\"@type\":\"ReadAction\",\"target\":[\"https:\\\/\\\/alternativnolijecenje.com\\\/index.php\\\/nasa-ponuda\\\/\"]}]},{\"@type\":\"ImageObject\",\"inLanguage\":\"bs-BA\",\"@id\":\"https:\\\/\\\/alternativnolijecenje.com\\\/index.php\\\/nasa-ponuda\\\/#primaryimage\",\"url\":\"https:\\\/\\\/alternativnolijecenje.com\\\/wp-content\\\/uploads\\\/2026\\\/04\\\/yoga-img2.png\",\"contentUrl\":\"https:\\\/\\\/alternativnolijecenje.com\\\/wp-content\\\/uploads\\\/2026\\\/04\\\/yoga-img2.png\",\"width\":377,\"height\":533},{\"@type\":\"BreadcrumbList\",\"@id\":\"https:\\\/\\\/alternativnolijecenje.com\\\/index.php\\\/nasa-ponuda\\\/#breadcrumb\",\"itemListElement\":[{\"@type\":\"ListItem\",\"position\":1,\"name\":\"Home\",\"item\":\"https:\\\/\\\/alternativnolijecenje.com\\\/\"},{\"@type\":\"ListItem\",\"position\":2,\"name\":\"NA\u0160A PONUDA\"}]},{\"@type\":\"WebSite\",\"@id\":\"https:\\\/\\\/alternativnolijecenje.com\\\/#website\",\"url\":\"https:\\\/\\\/alternativnolijecenje.com\\\/\",\"name\":\"\",\"description\":\"\",\"potentialAction\":[{\"@type\":\"SearchAction\",\"target\":{\"@type\":\"EntryPoint\",\"urlTemplate\":\"https:\\\/\\\/alternativnolijecenje.com\\\/?s={search_term_string}\"},\"query-input\":{\"@type\":\"PropertyValueSpecification\",\"valueRequired\":true,\"valueName\":\"search_term_string\"}}],\"inLanguage\":\"bs-BA\"}]}<\/script>\n<!-- \/ Yoast SEO plugin. -->","yoast_head_json":{"title":"NA\u0160A PONUDA -","robots":{"index":"index","follow":"follow","max-snippet":"max-snippet:-1","max-image-preview":"max-image-preview:large","max-video-preview":"max-video-preview:-1"},"canonical":"https:\/\/alternativnolijecenje.com\/index.php\/nasa-ponuda\/","og_locale":"bs_BA","og_type":"article","og_title":"NA\u0160A PONUDA -","og_description":"NA\u0160A PONUDA Nudimo vam \u0161irok spektar usluga alternativnog lije\u010denja, uklju\u010duju\u0107i Reiki tretmane, energetske masa\u017ee i savjetovanje o prirodnom zdravlju. Na\u0161 cilj je pomo\u0107i vam da postignete unutra\u0161nji mir i fizi\u010dko blagostanje.","og_url":"https:\/\/alternativnolijecenje.com\/index.php\/nasa-ponuda\/","article_modified_time":"2026-04-22T20:04:52+00:00","og_image":[{"width":377,"height":533,"url":"https:\/\/alternativnolijecenje.com\/wp-content\/uploads\/2026\/04\/yoga-img2.png","type":"image\/png"}],"twitter_card":"summary_large_image","schema":{"@context":"https:\/\/schema.org","@graph":[{"@type":"WebPage","@id":"https:\/\/alternativnolijecenje.com\/index.php\/nasa-ponuda\/","url":"https:\/\/alternativnolijecenje.com\/index.php\/nasa-ponuda\/","name":"NA\u0160A PONUDA -","isPartOf":{"@id":"https:\/\/alternativnolijecenje.com\/#website"},"primaryImageOfPage":{"@id":"https:\/\/alternativnolijecenje.com\/index.php\/nasa-ponuda\/#primaryimage"},"image":{"@id":"https:\/\/alternativnolijecenje.com\/index.php\/nasa-ponuda\/#primaryimage"},"thumbnailUrl":"https:\/\/alternativnolijecenje.com\/wp-content\/uploads\/2026\/04\/yoga-img2.png","datePublished":"2023-08-27T12:01:57+00:00","dateModified":"2026-04-22T20:04:52+00:00","breadcrumb":{"@id":"https:\/\/alternativnolijecenje.com\/index.php\/nasa-ponuda\/#breadcrumb"},"inLanguage":"bs-BA","potentialAction":[{"@type":"ReadAction","target":["https:\/\/alternativnolijecenje.com\/index.php\/nasa-ponuda\/"]}]},{"@type":"ImageObject","inLanguage":"bs-BA","@id":"https:\/\/alternativnolijecenje.com\/index.php\/nasa-ponuda\/#primaryimage","url":"https:\/\/alternativnolijecenje.com\/wp-content\/uploads\/2026\/04\/yoga-img2.png","contentUrl":"https:\/\/alternativnolijecenje.com\/wp-content\/uploads\/2026\/04\/yoga-img2.png","width":377,"height":533},{"@type":"BreadcrumbList","@id":"https:\/\/alternativnolijecenje.com\/index.php\/nasa-ponuda\/#breadcrumb","itemListElement":[{"@type":"ListItem","position":1,"name":"Home","item":"https:\/\/alternativnolijecenje.com\/"},{"@type":"ListItem","position":2,"name":"NA\u0160A PONUDA"}]},{"@type":"WebSite","@id":"https:\/\/alternativnolijecenje.com\/#website","url":"https:\/\/alternativnolijecenje.com\/","name":"","description":"","potentialAction":[{"@type":"SearchAction","target":{"@type":"EntryPoint","urlTemplate":"https:\/\/alternativnolijecenje.com\/?s={search_term_string}"},"query-input":{"@type":"PropertyValueSpecification","valueRequired":true,"valueName":"search_term_string"}}],"inLanguage":"bs-BA"}]}},"_links":{"self":[{"href":"https:\/\/alternativnolijecenje.com\/index.php\/wp-json\/wp\/v2\/pages\/85","targetHints":{"allow":["GET"]}}],"collection":[{"href":"https:\/\/alternativnolijecenje.com\/index.php\/wp-json\/wp\/v2\/pages"}],"about":[{"href":"https:\/\/alternativnolijecenje.com\/index.php\/wp-json\/wp\/v2\/types\/page"}],"author":[{"embeddable":true,"href":"https:\/\/alternativnolijecenje.com\/index.php\/wp-json\/wp\/v2\/users\/1"}],"replies":[{"embeddable":true,"href":"https:\/\/alternativnolijecenje.com\/index.php\/wp-json\/wp\/v2\/comments?post=85"}],"version-history":[{"count":12,"href":"https:\/\/alternativnolijecenje.com\/index.php\/wp-json\/wp\/v2\/pages\/85\/revisions"}],"predecessor-version":[{"id":321,"href":"https:\/\/alternativnolijecenje.com\/index.php\/wp-json\/wp\/v2\/pages\/85\/revisions\/321"}],"wp:attachment":[{"href":"https:\/\/alternativnolijecenje.com\/index.php\/wp-json\/wp\/v2\/media?parent=85"}],"curies":[{"name":"wp","href":"https:\/\/api.w.org\/{rel}","templated":true}]}}