{"id":300,"date":"2026-04-22T19:40:14","date_gmt":"2026-04-22T19:40:14","guid":{"rendered":"https:\/\/alternativnolijecenje.com\/?page_id=300"},"modified":"2026-04-22T19:59:05","modified_gmt":"2026-04-22T19:59:05","slug":"alternativno-lijecenje-i-reiki","status":"publish","type":"page","link":"https:\/\/alternativnolijecenje.com\/","title":{"rendered":"Alternativno Lije\u010denje i Reiki"},"content":{"rendered":"\t\t<div data-elementor-type=\"wp-page\" data-elementor-id=\"300\" class=\"elementor elementor-300\">\n\t\t\t\t<div class=\"elementor-element elementor-element-3988c03d e-flex e-con-boxed e-con e-parent\" data-id=\"3988c03d\" data-element_type=\"container\" data-e-type=\"container\">\n\t\t\t\t\t<div class=\"e-con-inner\">\n\t\t\t\t<div class=\"elementor-element elementor-element-600393f6 elementor-widget elementor-widget-text-editor\" data-id=\"600393f6\" data-element_type=\"widget\" data-e-type=\"widget\" data-widget_type=\"text-editor.default\">\n\t\t\t\t\t\t\t\t\t\n<div class=\"wp-block-cover alignfull\" style=\"padding: 8rem 2rem 8rem 2rem;\"><img decoding=\"async\" class=\"wp-block-cover__image-background wp-image-1\" src=\"https:\/\/images.unsplash.com\/photo-1627796062215-60edb1e2f2f5?crop=entropy&amp;cs=tinysrgb&amp;fit=max&amp;fm=jpg&amp;ixid=M3w1MjE4NDd8MHwxfHNlYXJjaHwxfHxyZWlraSUyMGhlYWxpbmclMjBoYW5kc3xlbnwwfDB8fHwxNzc2ODg1Nzk2fDA&amp;ixlib=rb-4.1.0&amp;q=80&amp;w=1080\" alt=\"osoba dr\u017ei ljubi\u010dastu piramidu\" data-object-fit=\"cover\" \/>\n<div class=\"wp-block-cover__inner-container is-layout-flow wp-block-cover-is-layout-flow\">\n<div class=\"wp-block-group\"><div class=\"wp-block-group__inner-container is-layout-constrained wp-container-core-group-is-layout-c0a38eea wp-block-group-is-layout-constrained\">\n<h1 class=\"wp-block-heading has-text-align-center has-white-color has-text-color animate__animated animate__fadeInUp\" style=\"font-size: 4rem; font-style: normal; font-weight: bold;\">Prona\u0111ite Svoj Unutra\u0161nji Mir<\/h1>\n\n<p class=\"has-text-align-center has-white-color has-text-color animate__animated animate__fadeInUp\" style=\"font-size: 1.25rem;\">Usluge alternativnog lije\u010denja i Reikija za balans duha i tijela.<\/p>\n<\/div><\/div>\n<\/div>\n<\/div>\n\n<div class=\"wp-block-group alignfull has-white-background-color has-background\" style=\"padding: 6rem 2rem 6rem 2rem;\"><div class=\"wp-block-group__inner-container is-layout-flow wp-block-group-is-layout-flow\">\n<div class=\"wp-block-group\"><div class=\"wp-block-group__inner-container is-layout-constrained wp-container-core-group-is-layout-3897296b wp-block-group-is-layout-constrained\">\n<h2 class=\"wp-block-heading has-text-align-center has-black-color has-text-color\" style=\"margin-bottom: 4rem;\">Na\u0161e Usluge<\/h2>\n\n<div class=\"wp-block-columns is-layout-flex wp-container-core-columns-is-layout-9d6595d7 wp-block-columns-is-layout-flex\">\n<div class=\"wp-block-column is-layout-flow wp-block-column-is-layout-flow\">\n<figure class=\"wp-block-image size-large has-custom-border has-unsplash-caption\"><img decoding=\"async\" class=\"wp-image-NvqNsrIqSwU\" src=\"https:\/\/images.unsplash.com\/photo-1772710333237-9993dbb38946?crop=entropy&amp;cs=tinysrgb&amp;fit=max&amp;fm=jpg&amp;ixid=M3w1MjE4NDd8MHwxfHNlYXJjaHwxfHxjcnlzdGFscyUyMHN0b25lcyUyMGhlYWxpbmd8ZW58MHwyfHx8MTc3Njg4NTc5Nnww&amp;ixlib=rb-4.1.0&amp;q=80&amp;w=1080\" alt=\"Tarot karta sa kristalima\" \/>\n<figcaption class=\"wp-element-caption\"><span class=\"unsplash-attribution\">Photo by <a href=\"https:\/\/unsplash.com\/@vivalunastudios?utm_source=elementor&amp;utm_medium=referral\" target=\"_blank\" rel=\"noopener noreferrer\">Viva Luna Studios<\/a> on <a href=\"https:\/\/unsplash.com?utm_source=elementor&amp;utm_medium=referral\" target=\"_blank\" rel=\"noopener noreferrer\">Unsplash<\/a><\/span><\/figcaption>\n<\/figure>\n\n<h3 class=\"wp-block-heading has-black-color has-text-color\" style=\"margin-top: 1.5rem;\">Lije\u010denje Kristalima<\/h3>\n\n<p class=\"has-dark-gray-color has-text-color\">Kori\u0161tenje prirodnih kristala za harmonizaciju energetskih centara i duboko opu\u0161tanje.<\/p>\n<\/div>\n\n<div class=\"wp-block-column is-layout-flow wp-block-column-is-layout-flow\">\n<figure class=\"wp-block-image size-large has-custom-border has-unsplash-caption\"><img decoding=\"async\" class=\"wp-image-6CO0WPTyPJ0\" src=\"https:\/\/images.unsplash.com\/photo-1673219498641-e54db77132a8?crop=entropy&amp;cs=tinysrgb&amp;fit=max&amp;fm=jpg&amp;ixid=M3w1MjE4NDd8MHwxfHNlYXJjaHwxfHxtZWRpdGF0aW9uJTIwbmF0dXJlJTIwY2FsbXxlbnwwfDJ8fHwxNzc2ODg1Nzk2fDA&amp;ixlib=rb-4.1.0&amp;q=80&amp;w=1080\" alt=\"mirna voda pod plavim nebom\" \/>\n<figcaption class=\"wp-element-caption\"><span class=\"unsplash-attribution\">Photo by <a href=\"https:\/\/unsplash.com\/@philmono?utm_source=elementor&amp;utm_medium=referral\" target=\"_blank\" rel=\"noopener noreferrer\">Phil Mono<\/a> on <a href=\"https:\/\/unsplash.com?utm_source=elementor&amp;utm_medium=referral\" target=\"_blank\" rel=\"noopener noreferrer\">Unsplash<\/a><\/span><\/figcaption>\n<\/figure>\n\n<h3 class=\"wp-block-heading has-black-color has-text-color\" style=\"margin-top: 1.5rem;\">Meditacija i Opu\u0161tanje<\/h3>\n\n<p class=\"has-dark-gray-color has-text-color\">Vo\u0111ene meditacije prilago\u0111ene va\u0161im potrebama za smanjenje stresa i anksioznosti.<\/p>\n<\/div>\n\n<div class=\"wp-block-column is-layout-flow wp-block-column-is-layout-flow\">\n<figure class=\"wp-block-image size-large has-custom-border has-unsplash-caption\"><img decoding=\"async\" class=\"wp-image-y1Vdfguy0FA\" src=\"https:\/\/images.unsplash.com\/photo-1616764544963-5c16b70f9727?crop=entropy&amp;cs=tinysrgb&amp;fit=max&amp;fm=jpg&amp;ixid=M3w1MjE4NDd8MHwxfHNlYXJjaHwxfHxtYXNzYWdlJTIwdGhlcmFweSUyMGJhY2t8ZW58MHwyfHx8MTc3Njg4NTc5Nnww&amp;ixlib=rb-4.1.0&amp;q=80&amp;w=1080\" alt=\"ruke koje se dr\u017ee\" \/>\n<figcaption class=\"wp-element-caption\"><span class=\"unsplash-attribution\">Photo by <a href=\"https:\/\/unsplash.com\/@_elleci?utm_source=elementor&amp;utm_medium=referral\" target=\"_blank\" rel=\"noopener noreferrer\">Carmen Laezza<\/a> on <a href=\"https:\/\/unsplash.com?utm_source=elementor&amp;utm_medium=referral\" target=\"_blank\" rel=\"noopener noreferrer\">Unsplash<\/a><\/span><\/figcaption>\n<\/figure>\n\n<h3 class=\"wp-block-heading has-black-color has-text-color\" style=\"margin-top: 1.5rem;\">Reiki Terapija<\/h3>\n\n<p class=\"has-dark-gray-color has-text-color\">Kanalisanje univerzalne \u017eivotne energije za fizi\u010dko i emocionalno iscjeljenje.<\/p>\n<\/div>\n<\/div>\n<\/div><\/div>\n<\/div><\/div>\n\n<div class=\"wp-block-group alignfull has-light-gray-background-color has-background\" style=\"padding: 6rem 2rem 6rem 2rem;\"><div class=\"wp-block-group__inner-container is-layout-flow wp-block-group-is-layout-flow\">\n<div class=\"wp-block-group\"><div class=\"wp-block-group__inner-container is-layout-constrained wp-container-core-group-is-layout-fbfc87ba wp-block-group-is-layout-constrained\">\n<h2 class=\"wp-block-heading has-text-align-center has-black-color has-text-color\" style=\"margin-bottom: 2rem;\">Zaka\u017eite Svoj Termin<\/h2>\n\n<p class=\"has-text-align-center has-dark-gray-color has-text-color\" style=\"margin-bottom: 3rem;\">Ispunite formu ispod i javi\u0107emo vam se u najkra\u0107em mogu\u0107em roku kako bismo potvrdili va\u0161 termin za tretman.<\/p>\n<p> [wpforms id=&#8221;1&#8221;] <\/p>\n<\/div><\/div>\n<\/div><\/div>\n\t\t\t\t\t\t\t\t<\/div>\n\t\t\t\t\t<\/div>\n\t\t\t\t<\/div>\n\t\t\t\t<\/div>\n\t\t","protected":false},"excerpt":{"rendered":"<p>Na\u0161e Usluge Lije\u010denje Kristalima Kori\u0161tenje prirodnih kristala za harmonizaciju energetskih centara i duboko opu\u0161tanje. Meditacija i Opu\u0161tanje Vo\u0111ene meditacije prilago\u0111ene va\u0161im potrebama za smanjenje stresa i anksioznosti. Reiki Terapija Kanalisanje univerzalne \u017eivotne energije za fizi\u010dko i emocionalno iscjeljenje. Zaka\u017eite Svoj Termin Ispunite formu ispod i javi\u0107emo vam se u najkra\u0107em mogu\u0107em roku kako bismo potvrdili [&hellip;]<\/p>\n","protected":false},"author":1,"featured_media":0,"parent":0,"menu_order":0,"comment_status":"closed","ping_status":"closed","template":"angie-canvas","meta":{"_angie_page":true,"om_disable_all_campaigns":false,"_monsterinsights_skip_tracking":false,"_monsterinsights_sitenote_active":false,"_monsterinsights_sitenote_note":"","_monsterinsights_sitenote_category":0,"footnotes":""},"class_list":["post-300","page","type-page","status-publish","hentry"],"yoast_head":"<!-- This site is optimized with the Yoast SEO plugin v27.4 - https:\/\/yoast.com\/product\/yoast-seo-wordpress\/ -->\n<title>Alternativno Lije\u010denje i Reiki -<\/title>\n<meta name=\"robots\" content=\"index, follow, max-snippet:-1, max-image-preview:large, max-video-preview:-1\" \/>\n<link rel=\"canonical\" href=\"https:\/\/alternativnolijecenje.com\/\" \/>\n<meta property=\"og:locale\" content=\"bs_BA\" \/>\n<meta property=\"og:type\" content=\"article\" \/>\n<meta property=\"og:title\" content=\"Alternativno Lije\u010denje i Reiki -\" \/>\n<meta property=\"og:description\" content=\"Na\u0161e Usluge Lije\u010denje Kristalima Kori\u0161tenje prirodnih kristala za harmonizaciju energetskih centara i duboko opu\u0161tanje. Meditacija i Opu\u0161tanje Vo\u0111ene meditacije prilago\u0111ene va\u0161im potrebama za smanjenje stresa i anksioznosti. Reiki Terapija Kanalisanje univerzalne \u017eivotne energije za fizi\u010dko i emocionalno iscjeljenje. Zaka\u017eite Svoj Termin Ispunite formu ispod i javi\u0107emo vam se u najkra\u0107em mogu\u0107em roku kako bismo potvrdili [&hellip;]\" \/>\n<meta property=\"og:url\" content=\"https:\/\/alternativnolijecenje.com\/\" \/>\n<meta property=\"article:modified_time\" content=\"2026-04-22T19:59:05+00:00\" \/>\n<meta name=\"twitter:card\" content=\"summary_large_image\" \/>\n<meta name=\"twitter:label1\" content=\"Est. reading time\" \/>\n\t<meta name=\"twitter:data1\" content=\"1 minuta\" \/>\n<script type=\"application\/ld+json\" class=\"yoast-schema-graph\">{\"@context\":\"https:\\\/\\\/schema.org\",\"@graph\":[{\"@type\":\"WebPage\",\"@id\":\"https:\\\/\\\/alternativnolijecenje.com\\\/\",\"url\":\"https:\\\/\\\/alternativnolijecenje.com\\\/\",\"name\":\"Alternativno Lije\u010denje i Reiki -\",\"isPartOf\":{\"@id\":\"https:\\\/\\\/alternativnolijecenje.com\\\/#website\"},\"primaryImageOfPage\":{\"@id\":\"https:\\\/\\\/alternativnolijecenje.com\\\/#primaryimage\"},\"image\":{\"@id\":\"https:\\\/\\\/alternativnolijecenje.com\\\/#primaryimage\"},\"thumbnailUrl\":\"https:\\\/\\\/images.unsplash.com\\\/photo-1627796062215-60edb1e2f2f5?crop=entropy&amp;cs=tinysrgb&amp;fit=max&amp;fm=jpg&amp;ixid=M3w1MjE4NDd8MHwxfHNlYXJjaHwxfHxyZWlraSUyMGhlYWxpbmclMjBoYW5kc3xlbnwwfDB8fHwxNzc2ODg1Nzk2fDA&amp;ixlib=rb-4.1.0&amp;q=80&amp;w=1080\",\"datePublished\":\"2026-04-22T19:40:14+00:00\",\"dateModified\":\"2026-04-22T19:59:05+00:00\",\"breadcrumb\":{\"@id\":\"https:\\\/\\\/alternativnolijecenje.com\\\/#breadcrumb\"},\"inLanguage\":\"bs-BA\",\"potentialAction\":[{\"@type\":\"ReadAction\",\"target\":[\"https:\\\/\\\/alternativnolijecenje.com\\\/\"]}]},{\"@type\":\"ImageObject\",\"inLanguage\":\"bs-BA\",\"@id\":\"https:\\\/\\\/alternativnolijecenje.com\\\/#primaryimage\",\"url\":\"https:\\\/\\\/images.unsplash.com\\\/photo-1627796062215-60edb1e2f2f5?crop=entropy&amp;cs=tinysrgb&amp;fit=max&amp;fm=jpg&amp;ixid=M3w1MjE4NDd8MHwxfHNlYXJjaHwxfHxyZWlraSUyMGhlYWxpbmclMjBoYW5kc3xlbnwwfDB8fHwxNzc2ODg1Nzk2fDA&amp;ixlib=rb-4.1.0&amp;q=80&amp;w=1080\",\"contentUrl\":\"https:\\\/\\\/images.unsplash.com\\\/photo-1627796062215-60edb1e2f2f5?crop=entropy&amp;cs=tinysrgb&amp;fit=max&amp;fm=jpg&amp;ixid=M3w1MjE4NDd8MHwxfHNlYXJjaHwxfHxyZWlraSUyMGhlYWxpbmclMjBoYW5kc3xlbnwwfDB8fHwxNzc2ODg1Nzk2fDA&amp;ixlib=rb-4.1.0&amp;q=80&amp;w=1080\"},{\"@type\":\"BreadcrumbList\",\"@id\":\"https:\\\/\\\/alternativnolijecenje.com\\\/#breadcrumb\",\"itemListElement\":[{\"@type\":\"ListItem\",\"position\":1,\"name\":\"Home\",\"item\":\"https:\\\/\\\/alternativnolijecenje.com\\\/\"},{\"@type\":\"ListItem\",\"position\":2,\"name\":\"Alternativno Lije\u010denje i Reiki\"}]},{\"@type\":\"WebSite\",\"@id\":\"https:\\\/\\\/alternativnolijecenje.com\\\/#website\",\"url\":\"https:\\\/\\\/alternativnolijecenje.com\\\/\",\"name\":\"\",\"description\":\"\",\"potentialAction\":[{\"@type\":\"SearchAction\",\"target\":{\"@type\":\"EntryPoint\",\"urlTemplate\":\"https:\\\/\\\/alternativnolijecenje.com\\\/?s={search_term_string}\"},\"query-input\":{\"@type\":\"PropertyValueSpecification\",\"valueRequired\":true,\"valueName\":\"search_term_string\"}}],\"inLanguage\":\"bs-BA\"}]}<\/script>\n<!-- \/ Yoast SEO plugin. -->","yoast_head_json":{"title":"Alternativno Lije\u010denje i Reiki -","robots":{"index":"index","follow":"follow","max-snippet":"max-snippet:-1","max-image-preview":"max-image-preview:large","max-video-preview":"max-video-preview:-1"},"canonical":"https:\/\/alternativnolijecenje.com\/","og_locale":"bs_BA","og_type":"article","og_title":"Alternativno Lije\u010denje i Reiki -","og_description":"Na\u0161e Usluge Lije\u010denje Kristalima Kori\u0161tenje prirodnih kristala za harmonizaciju energetskih centara i duboko opu\u0161tanje. Meditacija i Opu\u0161tanje Vo\u0111ene meditacije prilago\u0111ene va\u0161im potrebama za smanjenje stresa i anksioznosti. Reiki Terapija Kanalisanje univerzalne \u017eivotne energije za fizi\u010dko i emocionalno iscjeljenje. Zaka\u017eite Svoj Termin Ispunite formu ispod i javi\u0107emo vam se u najkra\u0107em mogu\u0107em roku kako bismo potvrdili [&hellip;]","og_url":"https:\/\/alternativnolijecenje.com\/","article_modified_time":"2026-04-22T19:59:05+00:00","twitter_card":"summary_large_image","twitter_misc":{"Est. reading time":"1 minuta"},"schema":{"@context":"https:\/\/schema.org","@graph":[{"@type":"WebPage","@id":"https:\/\/alternativnolijecenje.com\/","url":"https:\/\/alternativnolijecenje.com\/","name":"Alternativno Lije\u010denje i Reiki -","isPartOf":{"@id":"https:\/\/alternativnolijecenje.com\/#website"},"primaryImageOfPage":{"@id":"https:\/\/alternativnolijecenje.com\/#primaryimage"},"image":{"@id":"https:\/\/alternativnolijecenje.com\/#primaryimage"},"thumbnailUrl":"https:\/\/images.unsplash.com\/photo-1627796062215-60edb1e2f2f5?crop=entropy&amp;cs=tinysrgb&amp;fit=max&amp;fm=jpg&amp;ixid=M3w1MjE4NDd8MHwxfHNlYXJjaHwxfHxyZWlraSUyMGhlYWxpbmclMjBoYW5kc3xlbnwwfDB8fHwxNzc2ODg1Nzk2fDA&amp;ixlib=rb-4.1.0&amp;q=80&amp;w=1080","datePublished":"2026-04-22T19:40:14+00:00","dateModified":"2026-04-22T19:59:05+00:00","breadcrumb":{"@id":"https:\/\/alternativnolijecenje.com\/#breadcrumb"},"inLanguage":"bs-BA","potentialAction":[{"@type":"ReadAction","target":["https:\/\/alternativnolijecenje.com\/"]}]},{"@type":"ImageObject","inLanguage":"bs-BA","@id":"https:\/\/alternativnolijecenje.com\/#primaryimage","url":"https:\/\/images.unsplash.com\/photo-1627796062215-60edb1e2f2f5?crop=entropy&amp;cs=tinysrgb&amp;fit=max&amp;fm=jpg&amp;ixid=M3w1MjE4NDd8MHwxfHNlYXJjaHwxfHxyZWlraSUyMGhlYWxpbmclMjBoYW5kc3xlbnwwfDB8fHwxNzc2ODg1Nzk2fDA&amp;ixlib=rb-4.1.0&amp;q=80&amp;w=1080","contentUrl":"https:\/\/images.unsplash.com\/photo-1627796062215-60edb1e2f2f5?crop=entropy&amp;cs=tinysrgb&amp;fit=max&amp;fm=jpg&amp;ixid=M3w1MjE4NDd8MHwxfHNlYXJjaHwxfHxyZWlraSUyMGhlYWxpbmclMjBoYW5kc3xlbnwwfDB8fHwxNzc2ODg1Nzk2fDA&amp;ixlib=rb-4.1.0&amp;q=80&amp;w=1080"},{"@type":"BreadcrumbList","@id":"https:\/\/alternativnolijecenje.com\/#breadcrumb","itemListElement":[{"@type":"ListItem","position":1,"name":"Home","item":"https:\/\/alternativnolijecenje.com\/"},{"@type":"ListItem","position":2,"name":"Alternativno Lije\u010denje i Reiki"}]},{"@type":"WebSite","@id":"https:\/\/alternativnolijecenje.com\/#website","url":"https:\/\/alternativnolijecenje.com\/","name":"","description":"","potentialAction":[{"@type":"SearchAction","target":{"@type":"EntryPoint","urlTemplate":"https:\/\/alternativnolijecenje.com\/?s={search_term_string}"},"query-input":{"@type":"PropertyValueSpecification","valueRequired":true,"valueName":"search_term_string"}}],"inLanguage":"bs-BA"}]}},"_links":{"self":[{"href":"https:\/\/alternativnolijecenje.com\/index.php\/wp-json\/wp\/v2\/pages\/300","targetHints":{"allow":["GET"]}}],"collection":[{"href":"https:\/\/alternativnolijecenje.com\/index.php\/wp-json\/wp\/v2\/pages"}],"about":[{"href":"https:\/\/alternativnolijecenje.com\/index.php\/wp-json\/wp\/v2\/types\/page"}],"author":[{"embeddable":true,"href":"https:\/\/alternativnolijecenje.com\/index.php\/wp-json\/wp\/v2\/users\/1"}],"replies":[{"embeddable":true,"href":"https:\/\/alternativnolijecenje.com\/index.php\/wp-json\/wp\/v2\/comments?post=300"}],"version-history":[{"count":6,"href":"https:\/\/alternativnolijecenje.com\/index.php\/wp-json\/wp\/v2\/pages\/300\/revisions"}],"predecessor-version":[{"id":320,"href":"https:\/\/alternativnolijecenje.com\/index.php\/wp-json\/wp\/v2\/pages\/300\/revisions\/320"}],"wp:attachment":[{"href":"https:\/\/alternativnolijecenje.com\/index.php\/wp-json\/wp\/v2\/media?parent=300"}],"curies":[{"name":"wp","href":"https:\/\/api.w.org\/{rel}","templated":true}]}}